{"id":3,"date":"2018-09-03T09:05:24","date_gmt":"2018-09-03T07:05:24","guid":{"rendered":"\/?page_id=3"},"modified":"2025-02-18T11:11:11","modified_gmt":"2025-02-18T10:11:11","slug":"datenschutzerklaerung","status":"publish","type":"page","link":"https:\/\/www.hobby-basketball.de\/?page_id=3","title":{"rendered":"Datenschutzerkl\u00e4rung"},"content":{"rendered":"<p><strong>Datenschutzerkl\u00e4rung<\/strong><\/p>\n<ol>\n<li><strong> Allgemeine Hinweise und Pflichtinformationen<\/strong><\/li>\n<\/ol>\n<p>Der Schutz Ihrer personenbezogenen Daten ist uns sehr wichtig. In dieser Datenschutzerkl\u00e4rung informieren wir Sie dar\u00fcber, wie wir Ihre personenbezogenen Daten verarbeiten, wenn Sie sich auf unserer Website f\u00fcr die Teilnahme an den Trainings anmelden und die entsprechenden Eintr\u00e4ge in unserer Tabelle vornehmen.<\/p>\n<p><strong>Verantwortliche Stelle<\/strong><\/p>\n<p>Verantwortlich f\u00fcr die Datenverarbeitung auf dieser Website ist:<\/p>\n<p>Wolfgang Ahrens<br \/>\nHans-Holbein-Str. 12, 40699 Erkrath<br \/>\nE-Mail: <a href=\"mailto:woahrens@web.de\">woahrens@web.de<\/a><\/p>\n<ol start=\"2\">\n<li><strong> Erhebung und Verarbeitung personenbezogener Daten<\/strong><\/li>\n<\/ol>\n<p>Im Rahmen der Trainingsverwaltung erheben und verarbeiten wir die folgenden personenbezogenen Daten:<\/p>\n<ul>\n<li><strong>Vornamen<\/strong> der Teilnehmer, die in der Tabelle angezeigt werden. Diese Daten k\u00f6nnen von den Teilnehmern selbst <strong>bearbeitet<\/strong> oder <strong>gel\u00f6scht<\/strong> werden, sofern sie ihre Teilnahme f\u00fcr ein Training eintragen oder ihre Bemerkungen erg\u00e4nzen.<\/li>\n<\/ul>\n<p>Die folgenden Daten werden zudem erfasst und in der Tabelle gespeichert:<\/p>\n<ul>\n<li><strong>Datum<\/strong>: Das jeweilige Trainingsdatum, das nicht von den Teilnehmern bearbeitet werden kann.<\/li>\n<li><strong>Teilnahme<\/strong>: Ein Eintrag, ob der Teilnehmer am Training teilnimmt (Yes\/Ja \u2013 No\/Nein &#8211; Maybe). Diese Information wird von den Teilnehmern selbst eingetragen und nach jedem Training auf \u201eNo\/Nein\u201c zur\u00fcckgesetzt.<\/li>\n<li><strong>Umlage\/BSG<\/strong>: Hier k\u00f6nnen Teilnehmer vermerken, ob sie ihre Beitr\u00e4ge bezahlt haben bzw. ob sie BSG Mitglied sind. Auch diese Information wird von den Teilnehmern selbst bearbeitet.<\/li>\n<\/ul>\n<p><strong>Zweck der Datenverarbeitung<\/strong><\/p>\n<p>Die Daten werden ausschlie\u00dflich zu den folgenden Zwecken verarbeitet:<\/p>\n<ul>\n<li><strong>Organisation der Trainings<\/strong>: Damit alle Beteiligten erkennen k\u00f6nnen, wie viele Teilnehmer an dem jeweiligen Training teilnehmen werden.<\/li>\n<li><strong>Verwaltung von Zahlungen<\/strong>: Die Bemerkungen, ob ein Beitrag bezahlt wurde, hilft, den \u00dcberblick \u00fcber finanzielle Verpflichtungen der Teilnehmer zu behalten.<\/li>\n<\/ul>\n<ol start=\"3\">\n<li><strong> Interaktive Funktionen und Bearbeitung durch Teilnehmer<\/strong><\/li>\n<\/ol>\n<p>Die Vornamen der Teilnehmer sowie die Angaben zur Teilnahme und zu den Bemerkungen k\u00f6nnen von den Teilnehmern selbst bearbeitet werden. Wir stellen sicher, dass die Teilnehmer zu jeder Zeit die M\u00f6glichkeit haben, ihre eigenen Daten zu \u00e4ndern oder zu l\u00f6schen. Dies gilt auch f\u00fcr den <strong>Vornamen<\/strong>, falls dieser versehentlich oder aus anderen Gr\u00fcnden ge\u00e4ndert wird.<\/p>\n<ol start=\"4\">\n<li><strong> Speicherung und L\u00f6schung von Daten<\/strong><\/li>\n<\/ol>\n<p>Die Vornamen und Bemerkungen der Teilnehmer werden gespeichert, bis sie vom Teilnehmer selbst gel\u00f6scht oder ge\u00e4ndert werden. Die <strong>Teilnahme<\/strong> wird nach jedem Training auf \u201eNo\/Nein\u201c zur\u00fcckgesetzt, und das <strong>Datum<\/strong> wird aktualisiert, um das n\u00e4chste Training korrekt anzuzeigen. Alle Daten werden nur f\u00fcr die Dauer des Trainingsbetriebs gespeichert und nach Ablauf dieses Zwecks gel\u00f6scht, es sei denn, es bestehen gesetzliche Aufbewahrungspflichten.<\/p>\n<ol start=\"5\">\n<li><strong> Datenweitergabe an Dritte<\/strong><\/li>\n<\/ol>\n<p>Eine Weitergabe der personenbezogenen Daten an Dritte erfolgt <strong>nicht<\/strong>, au\u00dfer es besteht eine rechtliche Verpflichtung oder die Weitergabe ist zur Durchf\u00fchrung des Trainingsbetriebs notwendig (z. B. bei externen Zahlungsdiensten oder zur Erf\u00fcllung vertraglicher Verpflichtungen).<\/p>\n<ol start=\"6\">\n<li><strong> Ihre Rechte als betroffene Person<\/strong><\/li>\n<\/ol>\n<p>Nach der Datenschutz-Grundverordnung (DSGVO) haben Sie als betroffene Person folgende Rechte:<\/p>\n<ul>\n<li><strong>Recht auf Auskunft<\/strong>: Sie k\u00f6nnen jederzeit Auskunft dar\u00fcber verlangen, welche personenbezogenen Daten wir \u00fcber Sie gespeichert haben.<\/li>\n<li><strong>Recht auf Berichtigung<\/strong>: Sie k\u00f6nnen die Berichtigung Ihrer personenbezogenen Daten verlangen, wenn diese unrichtig sind.<\/li>\n<li><strong>Recht auf L\u00f6schung<\/strong>: Sie k\u00f6nnen die L\u00f6schung Ihrer personenbezogenen Daten verlangen, wenn diese f\u00fcr den vorgesehenen Zweck nicht mehr erforderlich sind oder wenn Sie Ihre Zustimmung zur Verarbeitung widerrufen.<\/li>\n<li><strong>Recht auf Einschr\u00e4nkung der Verarbeitung<\/strong>: In bestimmten F\u00e4llen k\u00f6nnen Sie die Einschr\u00e4nkung der Verarbeitung Ihrer personenbezogenen Daten verlangen.<\/li>\n<li><strong>Widerspruchsrecht<\/strong>: Sie haben das Recht, der Verarbeitung Ihrer personenbezogenen Daten zu widersprechen, wenn diese auf berechtigten Interessen beruhen.<\/li>\n<\/ul>\n<p>F\u00fcr die Aus\u00fcbung dieser Rechte k\u00f6nnen Sie uns jederzeit unter den oben angegebenen Kontaktdaten erreichen.<\/p>\n<ol start=\"7\">\n<li><strong> Sicherheit Ihrer Daten<\/strong><\/li>\n<\/ol>\n<p>Wir ergreifen angemessene technische und organisatorische Ma\u00dfnahmen, um Ihre Daten vor Verlust, Missbrauch oder unbefugtem Zugriff zu sch\u00fctzen. Diese Ma\u00dfnahmen beinhalten unter anderem eine sichere Daten\u00fcbertragung und regelm\u00e4\u00dfige Sicherheitsaudits.<\/p>\n<ol start=\"8\">\n<li><strong> \u00c4nderungen der Datenschutzerkl\u00e4rung<\/strong><\/li>\n<\/ol>\n<p>Wir behalten uns vor, diese Datenschutzerkl\u00e4rung gelegentlich anzupassen, um sie an ge\u00e4nderte rechtliche Anforderungen oder bei \u00c4nderungen unserer Leistungen anzupassen. Wir empfehlen Ihnen daher, die Datenschutzerkl\u00e4rung regelm\u00e4\u00dfig zu \u00fcberpr\u00fcfen.<\/p>\n<p>&nbsp;<\/p>\n","protected":false},"excerpt":{"rendered":"<p>Datenschutzerkl\u00e4rung Allgemeine Hinweise und Pflichtinformationen Der Schutz Ihrer personenbezogenen Daten ist uns sehr wichtig. In dieser Datenschutzerkl\u00e4rung informieren wir Sie dar\u00fcber, wie wir Ihre personenbezogenen Daten verarbeiten, wenn Sie sich auf unserer Website f\u00fcr die Teilnahme an den Trainings anmelden und die entsprechenden Eintr\u00e4ge in unserer Tabelle vornehmen. Verantwortliche Stelle Verantwortlich f\u00fcr die Datenverarbeitung auf &hellip; <\/p>\n<p class=\"link-more\"><a href=\"https:\/\/www.hobby-basketball.de\/?page_id=3\" class=\"more-link\"><span class=\"screen-reader-text\">\u201eDatenschutzerkl\u00e4rung\u201c <\/span>weiterlesen<\/a><\/p>\n","protected":false},"author":2,"featured_media":0,"parent":0,"menu_order":0,"comment_status":"closed","ping_status":"open","template":"","meta":{"footnotes":""},"class_list":["post-3","page","type-page","status-publish","hentry"],"_links":{"self":[{"href":"https:\/\/www.hobby-basketball.de\/index.php?rest_route=\/wp\/v2\/pages\/3","targetHints":{"allow":["GET"]}}],"collection":[{"href":"https:\/\/www.hobby-basketball.de\/index.php?rest_route=\/wp\/v2\/pages"}],"about":[{"href":"https:\/\/www.hobby-basketball.de\/index.php?rest_route=\/wp\/v2\/types\/page"}],"author":[{"embeddable":true,"href":"https:\/\/www.hobby-basketball.de\/index.php?rest_route=\/wp\/v2\/users\/2"}],"replies":[{"embeddable":true,"href":"https:\/\/www.hobby-basketball.de\/index.php?rest_route=%2Fwp%2Fv2%2Fcomments&post=3"}],"version-history":[{"count":2,"href":"https:\/\/www.hobby-basketball.de\/index.php?rest_route=\/wp\/v2\/pages\/3\/revisions"}],"predecessor-version":[{"id":194,"href":"https:\/\/www.hobby-basketball.de\/index.php?rest_route=\/wp\/v2\/pages\/3\/revisions\/194"}],"wp:attachment":[{"href":"https:\/\/www.hobby-basketball.de\/index.php?rest_route=%2Fwp%2Fv2%2Fmedia&parent=3"}],"curies":[{"name":"wp","href":"https:\/\/api.w.org\/{rel}","templated":true}]}}